{"id":5290,"date":"2023-06-26T14:47:56","date_gmt":"2023-06-26T12:47:56","guid":{"rendered":"https:\/\/uwrsystem.dk\/versand\/"},"modified":"2025-03-04T13:38:28","modified_gmt":"2025-03-04T12:38:28","slug":"versand","status":"publish","type":"page","link":"https:\/\/uwrsystem.dk\/de\/versand\/","title":{"rendered":"Versand"},"content":{"rendered":"<section class=\"wpb-content-wrapper\"><p>[vc_row full_width=&#8220;stretch_row&#8220;][vc_column]<div class=\"ult-spacer spacer-69d1b294cb837\" data-id=\"69d1b294cb837\" data-height=\"90\" data-height-mobile=\"60\" data-height-tab=\"90\" data-height-tab-portrait=\"60\" data-height-mobile-landscape=\"60\" style=\"clear:both;display:block;\"><\/div>[vc_column_text]<\/p>\n<h2>Lieferung und Versand<\/h2>\n<h4>Die Lieferung erfolgt ab Werk.<\/h4>\n<h4>Export Bedingungen: bitte kontaktieren Sie UWR.<\/h4>\n<p>[\/vc_column_text][vc_empty_space height=&#8220;30px&#8220;][vc_separator color=&#8220;custom&#8220; border_width=&#8220;2&#8243; accent_color=&#8220;#f7f7f7&#8243;][vc_empty_space height=&#8220;30px&#8220;][vc_row_inner][vc_column_inner width=&#8220;1\/2&#8243;][vc_column_text]Bestellungen von Waren m\u00fcssen mindestens 3 Tage vor der Lieferung aufgegeben werden. Das Entladen von Sattelz\u00fcgen muss mit einem Gabelstapler oder \u00e4hnlichem erfolgen und wird vom Kunden oder einer dritten Person durchgef\u00fchrt. Die Kosten f\u00fcr das Entladen tr\u00e4gt der Auftragnehmer\/Bauherr.<\/p>\n<p>Das Entladen kleinerer Bestellungen vom Spediteur wird in der Angebotsphase vereinbart.<\/p>\n<p>Paletten und Palettengestell sind R\u00fcckware.<\/p>\n<p>Besch\u00e4digte Paletten und Palettengestell werden \u00a0dem Auftragnehmer\/Bauherrn in Rechnung gestellt. Paletteng\u00fcter werden abgeholt, wenn das Projekt fertig installiert ist, jedoch kann eine Teilabholung gegen Bezahlung vereinbart werden.<\/p>\n<p>Kranzustellung: Das Entladen mit einem Kran an der Laderaumseite wird nach Angebot oder nach aufgewendeter Zeit in Rechnung gestellt. Der Preis entspricht dem Marktpreis f\u00fcr 4-achser Kranwagen mit 30-Tonnen-Kran.<\/p>\n<p>Sollten die physischen Gegebenheiten dazu f\u00fchren, dass die Lieferung nicht wie vereinbart erfolgen kann, hat UWR das Recht, eine Rechnung zu erstellen, als ob die Lieferung zum vereinbarten Zeitpunkt erfolgt w\u00e4re.<\/p>\n<p>Die Lieferzeiten orientieren sich nach M\u00f6glichkeit an den W\u00fcnschen des Bauherrn\/Auftragnehmers. UWR \u00fcbernimmt jedoch keine Verpflichtungen in Bezug \u00a0auf die gew\u00fcnschten Lieferzeiten des Bauherrn\/Auftragnehmers. Bei der Bestellung von Waren ben\u00f6tigt UWR mindestens 3 Tage f\u00fcr die Buchung.[\/vc_column_text]<div class=\"ult-spacer spacer-69d1b294cb87e\" data-id=\"69d1b294cb87e\" data-height=\"0\" data-height-mobile=\"15\" data-height-tab=\"0\" data-height-tab-portrait=\"0\" data-height-mobile-landscape=\"15\" style=\"clear:both;display:block;\"><\/div>[\/vc_column_inner][vc_column_inner width=&#8220;1\/2&#8243;][vc_column_text]Eventuelle Verz\u00f6gerungen werden so schnell wie m\u00f6glich und ohne zus\u00e4tzliche Kosten f\u00fcr UWR mitgeteilt.<\/p>\n<p>Auf Anfrage des Bauherrn veranlasst UWR auf Risiko und Kosten des Bauherrn den Transport der Waren an jeden vom Bauherrn angegebenen Ort in D\u00e4nemark, zu dem eine befahrbare Stra\u00dfe f\u00fchrt.<\/p>\n<p>Mit Beginn des Entladens auf der Baustelle oder einem anderen angegebenen Platz \u00fcbernimmt der Bauherr\/Auftragnehmer die Verantwortung.<\/p>\n<p>Ein Entladezeitraum von mehr als 1 Stunde kann zus\u00e4tzliche Kosten pro Stunde und Fahrzeug nach sich ziehen. Die Kosten werden separat in Rechnung gestellt.<\/p>\n<p>Das Entladen erfolgt im Zeitraum von 06:00 bis 16:00 Uhr von Montag bis Freitag. Das Entladen an Wochenenden und Feiertagen muss separat vereinbart werden.<\/p>\n<p>Nach schriftlicher Vereinbarung kann der Kunde die Waren selbst ab Werk abholen. Es muss jedoch f\u00fcr jede Ladung eine Abholzeit vereinbart werden. Es sind Wartezeiten von bis zu 3 Stunden zu erwarten.<\/p>\n<p>Die Lieferung mit biodieselfahrenden Lkw wird gegen Aufpreis angeboten.<\/p>\n<p>Besch\u00e4digte Paletten sowie alle Verpackungsfolien, Strapex, Karton usw. m\u00fcssen vom Auftragnehmer auf eigene Kosten gem\u00e4\u00df den \u00f6rtlichen Vorschriften entsorgt werden.<\/p>\n<p><strong>Die Lieferung erfolgt ab Werk.<\/strong>[\/vc_column_text][\/vc_column_inner][\/vc_row_inner]<div class=\"ult-spacer spacer-69d1b294cb8b2\" data-id=\"69d1b294cb8b2\" data-height=\"90\" data-height-mobile=\"60\" data-height-tab=\"90\" data-height-tab-portrait=\"60\" data-height-mobile-landscape=\"60\" style=\"clear:both;display:block;\"><\/div>[\/vc_column][\/vc_row]<\/p>\n<\/section>","protected":false},"excerpt":{"rendered":"<p>[vc_row full_width=&#8220;stretch_row&#8220;][vc_column][vc_column_text] Lieferung und Versand Die Lieferung erfolgt ab Werk. Export Bedingungen: bitte kontaktieren Sie UWR. [\/vc_column_text][vc_empty_space height=&#8220;30px&#8220;][vc_separator color=&#8220;custom&#8220; border_width=&#8220;2&#8243; accent_color=&#8220;#f7f7f7&#8243;][vc_empty_space height=&#8220;30px&#8220;][vc_row_inner][vc_column_inner width=&#8220;1\/2&#8243;][vc_column_text]Bestellungen von Waren m\u00fcssen mindestens 3 Tage vor der Lieferung aufgegeben werden. Das Entladen von Sattelz\u00fcgen muss mit einem Gabelstapler oder \u00e4hnlichem erfolgen und wird vom Kunden oder einer dritten Person durchgef\u00fchrt. Die &#8230; <a title=\"Versand\" class=\"read-more\" href=\"https:\/\/uwrsystem.dk\/de\/versand\/\" aria-label=\"Mehr zu Versand\">Weiterlesen &#8230;<\/a><\/p>\n","protected":false},"author":1,"featured_media":4994,"parent":0,"menu_order":7,"comment_status":"closed","ping_status":"closed","template":"","meta":{"_acf_changed":false,"footnotes":""},"categories":[],"class_list":["post-5290","page","type-page","status-publish","has-post-thumbnail"],"acf":[],"yoast_head":"<!-- This site is optimized with the Yoast SEO plugin v27.3 - https:\/\/yoast.com\/product\/yoast-seo-wordpress\/ -->\n<title>Versand &#183; Urban Water Retention<\/title>\n<meta name=\"robots\" content=\"index, follow, max-snippet:-1, max-image-preview:large, max-video-preview:-1\" \/>\n<link rel=\"canonical\" href=\"https:\/\/uwrsystem.dk\/de\/versand\/\" \/>\n<meta property=\"og:locale\" content=\"de_DE\" \/>\n<meta property=\"og:type\" content=\"article\" \/>\n<meta property=\"og:title\" content=\"Versand &#183; Urban Water Retention\" \/>\n<meta property=\"og:description\" content=\"[vc_row full_width=&#8220;stretch_row&#8220;][vc_column][vc_column_text] Lieferung und Versand Die Lieferung erfolgt ab Werk. Export Bedingungen: bitte kontaktieren Sie UWR. [\/vc_column_text][vc_empty_space height=&#8220;30px&#8220;][vc_separator color=&#8220;custom&#8220; border_width=&#8220;2&#8243; accent_color=&#8220;#f7f7f7&#8243;][vc_empty_space height=&#8220;30px&#8220;][vc_row_inner][vc_column_inner width=&#8220;1\/2&#8243;][vc_column_text]Bestellungen von Waren m\u00fcssen mindestens 3 Tage vor der Lieferung aufgegeben werden. Das Entladen von Sattelz\u00fcgen muss mit einem Gabelstapler oder \u00e4hnlichem erfolgen und wird vom Kunden oder einer dritten Person durchgef\u00fchrt. Die ... Weiterlesen ...\" \/>\n<meta property=\"og:url\" content=\"https:\/\/uwrsystem.dk\/de\/versand\/\" \/>\n<meta property=\"og:site_name\" content=\"Urban Water Retention\" \/>\n<meta property=\"article:modified_time\" content=\"2025-03-04T12:38:28+00:00\" \/>\n<meta property=\"og:image\" content=\"https:\/\/uwrsystem.dk\/wp-content\/uploads\/2023\/07\/colourbox9203573.jpg\" \/>\n\t<meta property=\"og:image:width\" content=\"1050\" \/>\n\t<meta property=\"og:image:height\" content=\"1400\" \/>\n\t<meta property=\"og:image:type\" content=\"image\/jpeg\" \/>\n<meta name=\"twitter:card\" content=\"summary_large_image\" \/>\n<meta name=\"twitter:label1\" content=\"Gesch\u00e4tzte Lesezeit\" \/>\n\t<meta name=\"twitter:data1\" content=\"3\u00a0Minuten\" \/>\n<script type=\"application\/ld+json\" class=\"yoast-schema-graph\">{\"@context\":\"https:\\\/\\\/schema.org\",\"@graph\":[{\"@type\":\"WebPage\",\"@id\":\"https:\\\/\\\/uwrsystem.dk\\\/de\\\/versand\\\/\",\"url\":\"https:\\\/\\\/uwrsystem.dk\\\/de\\\/versand\\\/\",\"name\":\"Versand &#183; Urban Water Retention\",\"isPartOf\":{\"@id\":\"https:\\\/\\\/uwrsystem.dk\\\/de\\\/#website\"},\"primaryImageOfPage\":{\"@id\":\"https:\\\/\\\/uwrsystem.dk\\\/de\\\/versand\\\/#primaryimage\"},\"image\":{\"@id\":\"https:\\\/\\\/uwrsystem.dk\\\/de\\\/versand\\\/#primaryimage\"},\"thumbnailUrl\":\"https:\\\/\\\/uwrsystem.dk\\\/wp-content\\\/uploads\\\/2023\\\/07\\\/colourbox9203573.jpg\",\"datePublished\":\"2023-06-26T12:47:56+00:00\",\"dateModified\":\"2025-03-04T12:38:28+00:00\",\"breadcrumb\":{\"@id\":\"https:\\\/\\\/uwrsystem.dk\\\/de\\\/versand\\\/#breadcrumb\"},\"inLanguage\":\"de\",\"potentialAction\":[{\"@type\":\"ReadAction\",\"target\":[\"https:\\\/\\\/uwrsystem.dk\\\/de\\\/versand\\\/\"]}]},{\"@type\":\"ImageObject\",\"inLanguage\":\"de\",\"@id\":\"https:\\\/\\\/uwrsystem.dk\\\/de\\\/versand\\\/#primaryimage\",\"url\":\"https:\\\/\\\/uwrsystem.dk\\\/wp-content\\\/uploads\\\/2023\\\/07\\\/colourbox9203573.jpg\",\"contentUrl\":\"https:\\\/\\\/uwrsystem.dk\\\/wp-content\\\/uploads\\\/2023\\\/07\\\/colourbox9203573.jpg\",\"width\":1050,\"height\":1400,\"caption\":\"flood of 2013. linz, austria. inundation and flooding.\"},{\"@type\":\"BreadcrumbList\",\"@id\":\"https:\\\/\\\/uwrsystem.dk\\\/de\\\/versand\\\/#breadcrumb\",\"itemListElement\":[{\"@type\":\"ListItem\",\"position\":1,\"name\":\"Hjem\",\"item\":\"https:\\\/\\\/uwrsystem.dk\\\/de\\\/\"},{\"@type\":\"ListItem\",\"position\":2,\"name\":\"Versand\"}]},{\"@type\":\"WebSite\",\"@id\":\"https:\\\/\\\/uwrsystem.dk\\\/de\\\/#website\",\"url\":\"https:\\\/\\\/uwrsystem.dk\\\/de\\\/\",\"name\":\"Urban Water Retention\",\"description\":\"Skybrud, tilbageholdelse, opmagasinering, regnvandsbassin og regnbede\",\"publisher\":{\"@id\":\"https:\\\/\\\/uwrsystem.dk\\\/de\\\/#organization\"},\"potentialAction\":[{\"@type\":\"SearchAction\",\"target\":{\"@type\":\"EntryPoint\",\"urlTemplate\":\"https:\\\/\\\/uwrsystem.dk\\\/de\\\/?s={search_term_string}\"},\"query-input\":{\"@type\":\"PropertyValueSpecification\",\"valueRequired\":true,\"valueName\":\"search_term_string\"}}],\"inLanguage\":\"de\"},{\"@type\":\"Organization\",\"@id\":\"https:\\\/\\\/uwrsystem.dk\\\/de\\\/#organization\",\"name\":\"Urban Water Retention\",\"url\":\"https:\\\/\\\/uwrsystem.dk\\\/de\\\/\",\"logo\":{\"@type\":\"ImageObject\",\"inLanguage\":\"de\",\"@id\":\"https:\\\/\\\/uwrsystem.dk\\\/de\\\/#\\\/schema\\\/logo\\\/image\\\/\",\"url\":\"https:\\\/\\\/uwrsystem.dk\\\/wp-content\\\/uploads\\\/2023\\\/06\\\/logo-uwr.svg\",\"contentUrl\":\"https:\\\/\\\/uwrsystem.dk\\\/wp-content\\\/uploads\\\/2023\\\/06\\\/logo-uwr.svg\",\"width\":204,\"height\":89,\"caption\":\"Urban Water Retention\"},\"image\":{\"@id\":\"https:\\\/\\\/uwrsystem.dk\\\/de\\\/#\\\/schema\\\/logo\\\/image\\\/\"}}]}<\/script>\n<!-- \/ Yoast SEO plugin. -->","yoast_head_json":{"title":"Versand &#183; Urban Water Retention","robots":{"index":"index","follow":"follow","max-snippet":"max-snippet:-1","max-image-preview":"max-image-preview:large","max-video-preview":"max-video-preview:-1"},"canonical":"https:\/\/uwrsystem.dk\/de\/versand\/","og_locale":"de_DE","og_type":"article","og_title":"Versand &#183; Urban Water Retention","og_description":"[vc_row full_width=&#8220;stretch_row&#8220;][vc_column][vc_column_text] Lieferung und Versand Die Lieferung erfolgt ab Werk. Export Bedingungen: bitte kontaktieren Sie UWR. [\/vc_column_text][vc_empty_space height=&#8220;30px&#8220;][vc_separator color=&#8220;custom&#8220; border_width=&#8220;2&#8243; accent_color=&#8220;#f7f7f7&#8243;][vc_empty_space height=&#8220;30px&#8220;][vc_row_inner][vc_column_inner width=&#8220;1\/2&#8243;][vc_column_text]Bestellungen von Waren m\u00fcssen mindestens 3 Tage vor der Lieferung aufgegeben werden. Das Entladen von Sattelz\u00fcgen muss mit einem Gabelstapler oder \u00e4hnlichem erfolgen und wird vom Kunden oder einer dritten Person durchgef\u00fchrt. Die ... Weiterlesen ...","og_url":"https:\/\/uwrsystem.dk\/de\/versand\/","og_site_name":"Urban Water Retention","article_modified_time":"2025-03-04T12:38:28+00:00","og_image":[{"width":1050,"height":1400,"url":"https:\/\/uwrsystem.dk\/wp-content\/uploads\/2023\/07\/colourbox9203573.jpg","type":"image\/jpeg"}],"twitter_card":"summary_large_image","twitter_misc":{"Gesch\u00e4tzte Lesezeit":"3\u00a0Minuten"},"schema":{"@context":"https:\/\/schema.org","@graph":[{"@type":"WebPage","@id":"https:\/\/uwrsystem.dk\/de\/versand\/","url":"https:\/\/uwrsystem.dk\/de\/versand\/","name":"Versand &#183; Urban Water Retention","isPartOf":{"@id":"https:\/\/uwrsystem.dk\/de\/#website"},"primaryImageOfPage":{"@id":"https:\/\/uwrsystem.dk\/de\/versand\/#primaryimage"},"image":{"@id":"https:\/\/uwrsystem.dk\/de\/versand\/#primaryimage"},"thumbnailUrl":"https:\/\/uwrsystem.dk\/wp-content\/uploads\/2023\/07\/colourbox9203573.jpg","datePublished":"2023-06-26T12:47:56+00:00","dateModified":"2025-03-04T12:38:28+00:00","breadcrumb":{"@id":"https:\/\/uwrsystem.dk\/de\/versand\/#breadcrumb"},"inLanguage":"de","potentialAction":[{"@type":"ReadAction","target":["https:\/\/uwrsystem.dk\/de\/versand\/"]}]},{"@type":"ImageObject","inLanguage":"de","@id":"https:\/\/uwrsystem.dk\/de\/versand\/#primaryimage","url":"https:\/\/uwrsystem.dk\/wp-content\/uploads\/2023\/07\/colourbox9203573.jpg","contentUrl":"https:\/\/uwrsystem.dk\/wp-content\/uploads\/2023\/07\/colourbox9203573.jpg","width":1050,"height":1400,"caption":"flood of 2013. linz, austria. inundation and flooding."},{"@type":"BreadcrumbList","@id":"https:\/\/uwrsystem.dk\/de\/versand\/#breadcrumb","itemListElement":[{"@type":"ListItem","position":1,"name":"Hjem","item":"https:\/\/uwrsystem.dk\/de\/"},{"@type":"ListItem","position":2,"name":"Versand"}]},{"@type":"WebSite","@id":"https:\/\/uwrsystem.dk\/de\/#website","url":"https:\/\/uwrsystem.dk\/de\/","name":"Urban Water Retention","description":"Skybrud, tilbageholdelse, opmagasinering, regnvandsbassin og regnbede","publisher":{"@id":"https:\/\/uwrsystem.dk\/de\/#organization"},"potentialAction":[{"@type":"SearchAction","target":{"@type":"EntryPoint","urlTemplate":"https:\/\/uwrsystem.dk\/de\/?s={search_term_string}"},"query-input":{"@type":"PropertyValueSpecification","valueRequired":true,"valueName":"search_term_string"}}],"inLanguage":"de"},{"@type":"Organization","@id":"https:\/\/uwrsystem.dk\/de\/#organization","name":"Urban Water Retention","url":"https:\/\/uwrsystem.dk\/de\/","logo":{"@type":"ImageObject","inLanguage":"de","@id":"https:\/\/uwrsystem.dk\/de\/#\/schema\/logo\/image\/","url":"https:\/\/uwrsystem.dk\/wp-content\/uploads\/2023\/06\/logo-uwr.svg","contentUrl":"https:\/\/uwrsystem.dk\/wp-content\/uploads\/2023\/06\/logo-uwr.svg","width":204,"height":89,"caption":"Urban Water Retention"},"image":{"@id":"https:\/\/uwrsystem.dk\/de\/#\/schema\/logo\/image\/"}}]}},"_links":{"self":[{"href":"https:\/\/uwrsystem.dk\/de\/wp-json\/wp\/v2\/pages\/5290","targetHints":{"allow":["GET"]}}],"collection":[{"href":"https:\/\/uwrsystem.dk\/de\/wp-json\/wp\/v2\/pages"}],"about":[{"href":"https:\/\/uwrsystem.dk\/de\/wp-json\/wp\/v2\/types\/page"}],"author":[{"embeddable":true,"href":"https:\/\/uwrsystem.dk\/de\/wp-json\/wp\/v2\/users\/1"}],"replies":[{"embeddable":true,"href":"https:\/\/uwrsystem.dk\/de\/wp-json\/wp\/v2\/comments?post=5290"}],"version-history":[{"count":12,"href":"https:\/\/uwrsystem.dk\/de\/wp-json\/wp\/v2\/pages\/5290\/revisions"}],"predecessor-version":[{"id":6404,"href":"https:\/\/uwrsystem.dk\/de\/wp-json\/wp\/v2\/pages\/5290\/revisions\/6404"}],"wp:featuredmedia":[{"embeddable":true,"href":"https:\/\/uwrsystem.dk\/de\/wp-json\/wp\/v2\/media\/4994"}],"wp:attachment":[{"href":"https:\/\/uwrsystem.dk\/de\/wp-json\/wp\/v2\/media?parent=5290"}],"wp:term":[{"taxonomy":"category","embeddable":true,"href":"https:\/\/uwrsystem.dk\/de\/wp-json\/wp\/v2\/categories?post=5290"}],"curies":[{"name":"wp","href":"https:\/\/api.w.org\/{rel}","templated":true}]}}